{"id":3552,"date":"2025-12-04T16:00:04","date_gmt":"2025-12-04T15:00:04","guid":{"rendered":"https:\/\/nectariweb.atomic4dev.net\/avis-legal\/"},"modified":"2025-12-09T12:07:54","modified_gmt":"2025-12-09T11:07:54","slug":"avis-legal","status":"publish","type":"page","link":"https:\/\/nectari.es\/ca\/avis-legal\/","title":{"rendered":"Av\u00eds legal"},"content":{"rendered":"\n<h2 class=\"wp-block-heading\">Av\u00eds Legal<\/h2>\n\n<p>En compliment amb el deure d&#8217;informaci\u00f3 recollit a la Llei 34\/2002, d&#8217;11 de juliol, de serveis de la societat de la informaci\u00f3 i comer\u00e7 electr\u00f2nic (LSSI-CE), s&#8217;informa del seg\u00fcent:<\/p>\n\n<h3 class=\"wp-block-heading\">Titular del lloc web<\/h3>\n\n<p>Aquest lloc web pertany a:<br\/><strong>Jordi Esteve<\/strong><\/p>\n\n<h3 class=\"wp-block-heading\">Finalitat del lloc web<\/h3>\n\n<p>El lloc web t\u00e9 com a finalitat oferir informaci\u00f3 sobre la proposta gastron\u00f2mica del restaurant Nectari, aix\u00ed com sobre la traject\u00f2ria i filosofia culin\u00e0ria del seu xef Jordi Esteve.<\/p>\n\n<h3 class=\"wp-block-heading\">Condicions d&#8217;\u00fas<\/h3>\n\n<p>L&#8217;acc\u00e9s a aquest web implica l&#8217;acceptaci\u00f3 plena i sense reserves de les presents condicions generals d&#8217;\u00fas. L&#8217;usuari es compromet a fer un \u00fas adequat del lloc web, els seus continguts i serveis, respectant en tot moment la legislaci\u00f3 vigent. <\/p>\n\n<p><strong>Jordi Esteve<\/strong> es reserva el dret de modificar en qualsevol moment i sense previ av\u00eds la presentaci\u00f3, configuraci\u00f3 i continguts del lloc web, aix\u00ed com les presents condicions.<\/p>\n\n<h3 class=\"wp-block-heading\">Propietat intel\u00b7lectual<\/h3>\n\n<p>Tots els continguts d&#8217;aquest lloc web (textos, imatges, disseny, estructura, etc.) estan protegits per drets de propietat intel\u00b7lectual i s\u00f3n titularitat de Jordi Esteve, llevat que s&#8217;indiqui el contrari. Queda prohibida la seva reproducci\u00f3, distribuci\u00f3 o modificaci\u00f3 sense autoritzaci\u00f3 expressa. <\/p>\n\n<h3 class=\"wp-block-heading\">Responsabilitat<\/h3>\n\n<p><strong>Jordi Esteve<\/strong> no es fa responsable del mal \u00fas que es pugui fer dels continguts del lloc web, ni dels danys o perjudicis que poguessin derivar-se de l&#8217;acc\u00e9s o \u00fas de la informaci\u00f3 aqu\u00ed continguda.<\/p>\n\n<p>Tampoc no es responsabilitza del contingut dels llocs externs enlla\u00e7ats des d&#8217;aquest web.<\/p>\n\n<h3 class=\"wp-block-heading\">Legislaci\u00f3 aplicable<\/h3>\n\n<p>Les presents condicions es regiran per la legislaci\u00f3 espanyola. Per a qualsevol controv\u00e8rsia que pogu\u00e9s derivar-se de l&#8217;acc\u00e9s o \u00fas del lloc web, les parts se sotmeten als jutjats i tribunals de la ciutat de Barcelona, amb ren\u00fancia expressa a qualsevol altre fur. <\/p>\n","protected":false},"excerpt":{"rendered":"<p>Av\u00eds Legal En compliment amb el deure d&#8217;informaci\u00f3 recollit a la Llei 34\/2002, d&#8217;11 de juliol, de serveis de la societat de la informaci\u00f3 i comer\u00e7 electr\u00f2nic (LSSI-CE), s&#8217;informa del&#8230;<\/p>\n","protected":false},"author":1,"featured_media":0,"parent":0,"menu_order":0,"comment_status":"closed","ping_status":"closed","template":"","meta":{"_joinchat":[],"footnotes":""},"class_list":["post-3552","page","type-page","status-publish"],"_links":{"self":[{"href":"https:\/\/nectari.es\/ca\/wp-json\/wp\/v2\/pages\/3552","targetHints":{"allow":["GET"]}}],"collection":[{"href":"https:\/\/nectari.es\/ca\/wp-json\/wp\/v2\/pages"}],"about":[{"href":"https:\/\/nectari.es\/ca\/wp-json\/wp\/v2\/types\/page"}],"author":[{"embeddable":true,"href":"https:\/\/nectari.es\/ca\/wp-json\/wp\/v2\/users\/1"}],"replies":[{"embeddable":true,"href":"https:\/\/nectari.es\/ca\/wp-json\/wp\/v2\/comments?post=3552"}],"version-history":[{"count":1,"href":"https:\/\/nectari.es\/ca\/wp-json\/wp\/v2\/pages\/3552\/revisions"}],"predecessor-version":[{"id":3553,"href":"https:\/\/nectari.es\/ca\/wp-json\/wp\/v2\/pages\/3552\/revisions\/3553"}],"wp:attachment":[{"href":"https:\/\/nectari.es\/ca\/wp-json\/wp\/v2\/media?parent=3552"}],"curies":[{"name":"wp","href":"https:\/\/api.w.org\/{rel}","templated":true}]}}