{"id":3297,"date":"2025-12-01T13:25:08","date_gmt":"2025-12-01T12:25:08","guid":{"rendered":"https:\/\/nectariweb.atomic4dev.net\/producto\/blanc-by-nectari\/"},"modified":"2026-04-27T09:55:35","modified_gmt":"2026-04-27T07:55:35","slug":"blanc-by-nectari","status":"publish","type":"product","link":"https:\/\/nectari.es\/ca\/producte\/blanc-by-nectari\/","title":{"rendered":"Blanc by Nectari"},"content":{"rendered":"","protected":false},"excerpt":{"rendered":"<p>Varietat: Macabeu<\/p>\n<p style=\"font-size: 17px;\"><strong>Blanc<\/strong> obtingut d\u2019una finca situada a uns 20 quil\u00f2metres del celler ubicat a Vilaseca (Tarragona) i elaborat mitjan\u00e7ant un treball molt delicat de <strong>crian\u00e7a sobre mares durant 6 mesos.<\/strong><\/p>\n<p style=\"font-size: 17px;\">El ra\u00efm Macabeu amb qu\u00e8 s\u2019elabora aquest blanc sec, que abans es destinava a l\u2019elaboraci\u00f3 de cava, aporta a aquest vi una gran intensitat floral i de fruita blanca. Untu\u00f3s i juvenil. \u00c9s ideal per explorar la cara m\u00e9s mineral dels blancs tarragonins i es caracteritza per evolucionar molt b\u00e9 en ampolla.  <\/p>\n","protected":false},"featured_media":3296,"comment_status":"open","ping_status":"closed","template":"","meta":{"_joinchat":[]},"product_brand":[],"product_cat":[71],"product_tag":[],"class_list":{"0":"post-3297","1":"product","2":"type-product","3":"status-publish","4":"has-post-thumbnail","6":"product_cat-vins","8":"first","9":"instock","10":"taxable","11":"shipping-taxable","12":"purchasable","13":"product-type-simple"},"_links":{"self":[{"href":"https:\/\/nectari.es\/ca\/wp-json\/wp\/v2\/product\/3297","targetHints":{"allow":["GET"]}}],"collection":[{"href":"https:\/\/nectari.es\/ca\/wp-json\/wp\/v2\/product"}],"about":[{"href":"https:\/\/nectari.es\/ca\/wp-json\/wp\/v2\/types\/product"}],"replies":[{"embeddable":true,"href":"https:\/\/nectari.es\/ca\/wp-json\/wp\/v2\/comments?post=3297"}],"wp:featuredmedia":[{"embeddable":true,"href":"https:\/\/nectari.es\/ca\/wp-json\/wp\/v2\/media\/3296"}],"wp:attachment":[{"href":"https:\/\/nectari.es\/ca\/wp-json\/wp\/v2\/media?parent=3297"}],"wp:term":[{"taxonomy":"product_brand","embeddable":true,"href":"https:\/\/nectari.es\/ca\/wp-json\/wp\/v2\/product_brand?post=3297"},{"taxonomy":"product_cat","embeddable":true,"href":"https:\/\/nectari.es\/ca\/wp-json\/wp\/v2\/product_cat?post=3297"},{"taxonomy":"product_tag","embeddable":true,"href":"https:\/\/nectari.es\/ca\/wp-json\/wp\/v2\/product_tag?post=3297"}],"curies":[{"name":"wp","href":"https:\/\/api.w.org\/{rel}","templated":true}]}}