{"id":3299,"date":"2025-12-01T13:23:35","date_gmt":"2025-12-01T12:23:35","guid":{"rendered":"https:\/\/nectariweb.atomic4dev.net\/producto\/negre-by-nectari\/"},"modified":"2026-04-27T16:26:17","modified_gmt":"2026-04-27T14:26:17","slug":"negre-by-nectari","status":"publish","type":"product","link":"https:\/\/nectari.es\/ca\/producte\/negre-by-nectari\/","title":{"rendered":"Negre by Nectari"},"content":{"rendered":"","protected":false},"excerpt":{"rendered":"<p>Varietat: Cabernet Sauvignon<\/p>\n<p style=\"font-size: 17px;\">Aquest vi \u00e9s un descobriment procedent de Vila-seca (Tarragona), a un parell de quil\u00f2metres del mar <strong>Mediterrani<\/strong>. \u00c9s un negre en qu\u00e8 es combinen maduresa, frescor i salinitat. Una uni\u00f3 perfecta entre l\u2019eleg\u00e0ncia de la <strong>Cabernet Sauvignon<\/strong> i la frescor de la Garnatxa.  <\/p>\n<p style=\"font-size: 17px;\">Un vi purament mediterrani, amb un clar reflex mineral del s\u00f2l de lumaquela. Crian\u00e7a d\u2019uns 15 mesos en b\u00f3tes de roure franc\u00e8s de 225 litres de gra fi. L\u2019embotellament es fa en funci\u00f3 del cicle lunar i el realitzem per decantaci\u00f3.  <\/p>\n","protected":false},"featured_media":3298,"comment_status":"open","ping_status":"closed","template":"","meta":{"_joinchat":[]},"product_brand":[],"product_cat":[71],"product_tag":[],"class_list":{"0":"post-3299","1":"product","2":"type-product","3":"status-publish","4":"has-post-thumbnail","6":"product_cat-vins","8":"first","9":"instock","10":"taxable","11":"shipping-taxable","12":"purchasable","13":"product-type-simple"},"_links":{"self":[{"href":"https:\/\/nectari.es\/ca\/wp-json\/wp\/v2\/product\/3299","targetHints":{"allow":["GET"]}}],"collection":[{"href":"https:\/\/nectari.es\/ca\/wp-json\/wp\/v2\/product"}],"about":[{"href":"https:\/\/nectari.es\/ca\/wp-json\/wp\/v2\/types\/product"}],"replies":[{"embeddable":true,"href":"https:\/\/nectari.es\/ca\/wp-json\/wp\/v2\/comments?post=3299"}],"wp:featuredmedia":[{"embeddable":true,"href":"https:\/\/nectari.es\/ca\/wp-json\/wp\/v2\/media\/3298"}],"wp:attachment":[{"href":"https:\/\/nectari.es\/ca\/wp-json\/wp\/v2\/media?parent=3299"}],"wp:term":[{"taxonomy":"product_brand","embeddable":true,"href":"https:\/\/nectari.es\/ca\/wp-json\/wp\/v2\/product_brand?post=3299"},{"taxonomy":"product_cat","embeddable":true,"href":"https:\/\/nectari.es\/ca\/wp-json\/wp\/v2\/product_cat?post=3299"},{"taxonomy":"product_tag","embeddable":true,"href":"https:\/\/nectari.es\/ca\/wp-json\/wp\/v2\/product_tag?post=3299"}],"curies":[{"name":"wp","href":"https:\/\/api.w.org\/{rel}","templated":true}]}}