{"id":3315,"date":"2025-12-01T13:14:26","date_gmt":"2025-12-01T12:14:26","guid":{"rendered":"https:\/\/nectariweb.atomic4dev.net\/producto\/menu-degustacio-amb-maridatge\/"},"modified":"2026-03-05T09:54:01","modified_gmt":"2026-03-05T08:54:01","slug":"menu-degustacio-amb-maridatge","status":"publish","type":"product","link":"https:\/\/nectari.es\/ca\/producte\/menu-degustacio-amb-maridatge\/","title":{"rendered":"Men\u00fa degustaci\u00f3 amb maridatge"},"content":{"rendered":"","protected":false},"excerpt":{"rendered":"<p style=\"font-weight: 400;\">Qu\u00e8 inclou el men\u00fa degustaci\u00f3 amb maridatge?<\/p>\n<p style=\"font-weight: 400;\"><a style=\"color #000; text-decoration: underline;\" href=\"\/wp-content\/uploads\/2026\/01\/Menu-degus-2026.png\" target=\"_blank\" rel=\"noopener\">Veure carta<\/a><\/p>\n<p style=\"font-weight: 400;\"><strong>A m\u00e9s, inclou bodega de la casa (7 varietats de vi)<\/strong><\/p>\n<p style=\"font-weight: 400;\">Fes-te el teu men\u00fa a mida.<\/p>\n<p style=\"font-weight: 400;\"><strong>Selecciona entre les opcions disponibles a continuaci\u00f3<\/strong><\/p>\n","protected":false},"featured_media":3278,"comment_status":"open","ping_status":"closed","template":"","meta":{"_joinchat":[]},"product_brand":[],"product_cat":[67],"product_tag":[],"class_list":{"0":"post-3315","1":"product","2":"type-product","3":"status-publish","4":"has-post-thumbnail","6":"product_cat-experiencies","8":"first","9":"instock","10":"shipping-taxable","11":"purchasable","12":"product-type-variable"},"_links":{"self":[{"href":"https:\/\/nectari.es\/ca\/wp-json\/wp\/v2\/product\/3315","targetHints":{"allow":["GET"]}}],"collection":[{"href":"https:\/\/nectari.es\/ca\/wp-json\/wp\/v2\/product"}],"about":[{"href":"https:\/\/nectari.es\/ca\/wp-json\/wp\/v2\/types\/product"}],"replies":[{"embeddable":true,"href":"https:\/\/nectari.es\/ca\/wp-json\/wp\/v2\/comments?post=3315"}],"wp:featuredmedia":[{"embeddable":true,"href":"https:\/\/nectari.es\/ca\/wp-json\/wp\/v2\/media\/3278"}],"wp:attachment":[{"href":"https:\/\/nectari.es\/ca\/wp-json\/wp\/v2\/media?parent=3315"}],"wp:term":[{"taxonomy":"product_brand","embeddable":true,"href":"https:\/\/nectari.es\/ca\/wp-json\/wp\/v2\/product_brand?post=3315"},{"taxonomy":"product_cat","embeddable":true,"href":"https:\/\/nectari.es\/ca\/wp-json\/wp\/v2\/product_cat?post=3315"},{"taxonomy":"product_tag","embeddable":true,"href":"https:\/\/nectari.es\/ca\/wp-json\/wp\/v2\/product_tag?post=3315"}],"curies":[{"name":"wp","href":"https:\/\/api.w.org\/{rel}","templated":true}]}}