{"id":3173,"date":"2025-12-01T12:17:40","date_gmt":"2025-12-01T11:17:40","guid":{"rendered":"https:\/\/nectariweb.atomic4dev.net\/panier\/"},"modified":"2025-12-01T12:20:38","modified_gmt":"2025-12-01T11:20:38","slug":"panier","status":"publish","type":"page","link":"https:\/\/nectari.es\/fr\/panier\/","title":{"rendered":"Panier"},"content":{"rendered":"\n<div data-block-name=\"woocommerce\/cart\" class=\"wp-block-woocommerce-cart alignwide is-loading\">\n<div data-block-name=\"woocommerce\/filled-cart-block\" class=\"wp-block-woocommerce-filled-cart-block\">\n<div data-block-name=\"woocommerce\/cart-items-block\" class=\"wp-block-woocommerce-cart-items-block\">\n<div data-block-name=\"woocommerce\/cart-line-items-block\" class=\"wp-block-woocommerce-cart-line-items-block\"><\/div>\n\n\n<\/div>\n\n\n\n\n<div data-block-name=\"woocommerce\/cart-totals-block\" class=\"wp-block-woocommerce-cart-totals-block\">\n<div data-block-name=\"woocommerce\/cart-order-summary-block\" class=\"wp-block-woocommerce-cart-order-summary-block\">\n<div data-block-name=\"woocommerce\/cart-order-summary-heading-block\" class=\"wp-block-woocommerce-cart-order-summary-heading-block\"><\/div><div data-block-name=\"woocommerce\/cart-order-summary-coupon-form-block\" class=\"wp-block-woocommerce-cart-order-summary-coupon-form-block\"><\/div><div data-block-name=\"woocommerce\/cart-order-summary-totals-block\" class=\"wp-block-woocommerce-cart-order-summary-totals-block\">\n<div data-block-name=\"woocommerce\/cart-order-summary-subtotal-block\" class=\"wp-block-woocommerce-cart-order-summary-subtotal-block\"><\/div>\n<div data-block-name=\"woocommerce\/cart-order-summary-discount-block\" class=\"wp-block-woocommerce-cart-order-summary-discount-block\"><\/div>\n<div data-block-name=\"woocommerce\/cart-order-summary-fee-block\" class=\"wp-block-woocommerce-cart-order-summary-fee-block\"><\/div>\n<div data-block-name=\"woocommerce\/cart-order-summary-shipping-block\" class=\"wp-block-woocommerce-cart-order-summary-shipping-block\"><\/div>\n<div data-block-name=\"woocommerce\/cart-order-summary-taxes-block\" class=\"wp-block-woocommerce-cart-order-summary-taxes-block\"><\/div><\/div>\n<\/div>\n\n\n\n<div data-block-name=\"woocommerce\/cart-express-payment-block\" class=\"wp-block-woocommerce-cart-express-payment-block\"><\/div>\n\n\n\n<div data-block-name=\"woocommerce\/proceed-to-checkout-block\" class=\"wp-block-woocommerce-proceed-to-checkout-block\"><\/div>\n\n\n\n<div data-block-name=\"woocommerce\/cart-accepted-payment-methods-block\" class=\"wp-block-woocommerce-cart-accepted-payment-methods-block\"><\/div>\n<\/div>\n<\/div>\n\n\n\n<div data-block-name=\"woocommerce\/empty-cart-block\" class=\"wp-block-woocommerce-empty-cart-block\">\n<h2 class=\"wp-block-heading has-text-align-center with-empty-cart-icon wc-block-cart__empty-cart__title\">Votre panier est actuellement vide\u00a0!<\/h2>\n\n\n\n<hr class=\"wp-block-separator has-alpha-channel-opacity is-style-dots\"\/>\n\n\n\n<h2 class=\"wp-block-heading has-text-align-center\">Nouveau dans la boutique<\/h2>\n\n\n<div data-block-name=\"woocommerce\/product-new\" data-columns=\"4\" data-rows=\"1\" class=\"wc-block-grid wp-block-product-new wp-block-woocommerce-product-new wc-block-product-new has-4-columns\"><ul class=\"wc-block-grid__products\"><li class=\"wc-block-grid__product\">\n\t\t\t\t<a href=\"https:\/\/nectari.es\/fr\/produit\/menu-degustation\/\" class=\"wc-block-grid__product-link\">\n\t\t\t\t\t\n\t\t\t\t\t<div class=\"wc-block-grid__product-image\"><img loading=\"lazy\" decoding=\"async\" width=\"300\" height=\"300\" src=\"https:\/\/nectari.es\/wp-content\/uploads\/2025\/12\/IMG_2388-300x300.jpg\" class=\"attachment-woocommerce_thumbnail size-woocommerce_thumbnail\" alt=\"Nectari restaurant\" srcset=\"https:\/\/nectari.es\/wp-content\/uploads\/2025\/12\/IMG_2388-300x300.jpg 300w, https:\/\/nectari.es\/wp-content\/uploads\/2025\/12\/IMG_2388-150x150.jpg 150w, https:\/\/nectari.es\/wp-content\/uploads\/2025\/12\/IMG_2388-140x140.jpg 140w, https:\/\/nectari.es\/wp-content\/uploads\/2025\/12\/IMG_2388-100x100.jpg 100w, https:\/\/nectari.es\/wp-content\/uploads\/2025\/12\/IMG_2388-500x500.jpg 500w, https:\/\/nectari.es\/wp-content\/uploads\/2025\/12\/IMG_2388-350x350.jpg 350w\" sizes=\"auto, (max-width: 300px) 100vw, 300px\" \/><\/div>\n\t\t\t\t\t<div class=\"wc-block-grid__product-title\">Menu d\u00e9gustation<\/div>\n\t\t\t\t<\/a>\n\t\t\t\t<div class=\"wc-block-grid__product-price price\"><span class=\"woocommerce-Price-amount amount\" aria-hidden=\"true\">86,00&nbsp;<span class=\"woocommerce-Price-currencySymbol\">&euro;<\/span><\/span> <span aria-hidden=\"true\">\u00a0\u2013\u00a0<\/span> <span class=\"woocommerce-Price-amount amount\" aria-hidden=\"true\">117,25&nbsp;<span class=\"woocommerce-Price-currencySymbol\">&euro;<\/span><\/span><span class=\"screen-reader-text\">Plage de prix\u00a0: 86,00&nbsp;&euro; \u00e0 117,25&nbsp;&euro;<\/span><\/div>\n\t\t\t\t\n\t\t\t\t<div class=\"wp-block-button wc-block-grid__product-add-to-cart\"><a href=\"https:\/\/nectari.es\/fr\/produit\/menu-degustation\/\" aria-label=\"S\u00e9lectionner les options pour &ldquo;Menu d\u00e9gustation&rdquo;\" data-quantity=\"1\" data-product_id=\"3349\" data-product_sku=\"\" data-price=\"91\" rel=\"nofollow\" class=\"wp-block-button__link  add_to_cart_button\">S\u00e9lectionner les options<\/a><\/div>\n\t\t\t<\/li><li class=\"wc-block-grid__product\">\n\t\t\t\t<a href=\"https:\/\/nectari.es\/fr\/produit\/blanco-par-nectari\/\" class=\"wc-block-grid__product-link\">\n\t\t\t\t\t\n\t\t\t\t\t<div class=\"wc-block-grid__product-image\"><img loading=\"lazy\" decoding=\"async\" width=\"300\" height=\"300\" src=\"https:\/\/nectari.es\/wp-content\/uploads\/2025\/12\/vi-blanc-nectari-300x300.jpg\" class=\"attachment-woocommerce_thumbnail size-woocommerce_thumbnail\" alt=\"vino blanco\" srcset=\"https:\/\/nectari.es\/wp-content\/uploads\/2025\/12\/vi-blanc-nectari-300x300.jpg 300w, https:\/\/nectari.es\/wp-content\/uploads\/2025\/12\/vi-blanc-nectari-150x150.jpg 150w, https:\/\/nectari.es\/wp-content\/uploads\/2025\/12\/vi-blanc-nectari-140x140.jpg 140w, https:\/\/nectari.es\/wp-content\/uploads\/2025\/12\/vi-blanc-nectari-100x100.jpg 100w, https:\/\/nectari.es\/wp-content\/uploads\/2025\/12\/vi-blanc-nectari-500x500.jpg 500w, https:\/\/nectari.es\/wp-content\/uploads\/2025\/12\/vi-blanc-nectari-350x350.jpg 350w, https:\/\/nectari.es\/wp-content\/uploads\/2025\/12\/vi-blanc-nectari-1000x1000.jpg 1000w, https:\/\/nectari.es\/wp-content\/uploads\/2025\/12\/vi-blanc-nectari-800x800.jpg 800w\" sizes=\"auto, (max-width: 300px) 100vw, 300px\" \/><\/div>\n\t\t\t\t\t<div class=\"wc-block-grid__product-title\">Blanco par Nectari<\/div>\n\t\t\t\t<\/a>\n\t\t\t\t<div class=\"wc-block-grid__product-price price\"><span class=\"woocommerce-Price-amount amount\">27,95&nbsp;<span class=\"woocommerce-Price-currencySymbol\">&euro;<\/span><\/span><\/div>\n\t\t\t\t\n\t\t\t\t<div class=\"wp-block-button wc-block-grid__product-add-to-cart\"><a href=\"\/fr\/wp-json\/wp\/v2\/pages\/3173?add-to-cart=3436\" aria-label=\"Ajouter au panier\u00a0: &ldquo;Blanco par Nectari&rdquo;\" data-quantity=\"1\" data-product_id=\"3436\" data-product_sku=\"\" data-price=\"27.95\" rel=\"nofollow\" class=\"wp-block-button__link  add_to_cart_button ajax_add_to_cart\">Ajouter au panier<\/a><\/div>\n\t\t\t<\/li><li class=\"wc-block-grid__product\">\n\t\t\t\t<a href=\"https:\/\/nectari.es\/fr\/produit\/negro-by-nectari\/\" class=\"wc-block-grid__product-link\">\n\t\t\t\t\t\n\t\t\t\t\t<div class=\"wc-block-grid__product-image\"><img loading=\"lazy\" decoding=\"async\" width=\"300\" height=\"300\" src=\"https:\/\/nectari.es\/wp-content\/uploads\/2025\/12\/vi-negre-nectari-300x300.jpg\" class=\"attachment-woocommerce_thumbnail size-woocommerce_thumbnail\" alt=\"vino tinto\" srcset=\"https:\/\/nectari.es\/wp-content\/uploads\/2025\/12\/vi-negre-nectari-300x300.jpg 300w, https:\/\/nectari.es\/wp-content\/uploads\/2025\/12\/vi-negre-nectari-150x150.jpg 150w, https:\/\/nectari.es\/wp-content\/uploads\/2025\/12\/vi-negre-nectari-140x140.jpg 140w, https:\/\/nectari.es\/wp-content\/uploads\/2025\/12\/vi-negre-nectari-100x100.jpg 100w, https:\/\/nectari.es\/wp-content\/uploads\/2025\/12\/vi-negre-nectari-500x500.jpg 500w, https:\/\/nectari.es\/wp-content\/uploads\/2025\/12\/vi-negre-nectari-350x350.jpg 350w, https:\/\/nectari.es\/wp-content\/uploads\/2025\/12\/vi-negre-nectari-1000x1000.jpg 1000w, https:\/\/nectari.es\/wp-content\/uploads\/2025\/12\/vi-negre-nectari-800x800.jpg 800w\" sizes=\"auto, (max-width: 300px) 100vw, 300px\" \/><\/div>\n\t\t\t\t\t<div class=\"wc-block-grid__product-title\">Negro by Nectari<\/div>\n\t\t\t\t<\/a>\n\t\t\t\t<div class=\"wc-block-grid__product-price price\"><span class=\"woocommerce-Price-amount amount\">33,95&nbsp;<span class=\"woocommerce-Price-currencySymbol\">&euro;<\/span><\/span><\/div>\n\t\t\t\t\n\t\t\t\t<div class=\"wp-block-button wc-block-grid__product-add-to-cart\"><a href=\"\/fr\/wp-json\/wp\/v2\/pages\/3173?add-to-cart=3442\" aria-label=\"Ajouter au panier\u00a0: &ldquo;Negro by Nectari&rdquo;\" data-quantity=\"1\" data-product_id=\"3442\" data-product_sku=\"\" data-price=\"33.95\" rel=\"nofollow\" class=\"wp-block-button__link  add_to_cart_button ajax_add_to_cart\">Ajouter au panier<\/a><\/div>\n\t\t\t<\/li><li class=\"wc-block-grid__product\">\n\t\t\t\t<a href=\"https:\/\/nectari.es\/fr\/produit\/cuvee-speciale-nectari-brut-n-res\/\" class=\"wc-block-grid__product-link\">\n\t\t\t\t\t\n\t\t\t\t\t<div class=\"wc-block-grid__product-image\"><img loading=\"lazy\" decoding=\"async\" width=\"300\" height=\"300\" src=\"https:\/\/nectari.es\/wp-content\/uploads\/2025\/12\/cuvee-300x300.jpg\" class=\"attachment-woocommerce_thumbnail size-woocommerce_thumbnail\" alt=\"cuvee especial\" srcset=\"https:\/\/nectari.es\/wp-content\/uploads\/2025\/12\/cuvee-300x300.jpg 300w, https:\/\/nectari.es\/wp-content\/uploads\/2025\/12\/cuvee-150x150.jpg 150w, https:\/\/nectari.es\/wp-content\/uploads\/2025\/12\/cuvee-140x140.jpg 140w, https:\/\/nectari.es\/wp-content\/uploads\/2025\/12\/cuvee-100x100.jpg 100w, https:\/\/nectari.es\/wp-content\/uploads\/2025\/12\/cuvee-500x500.jpg 500w, https:\/\/nectari.es\/wp-content\/uploads\/2025\/12\/cuvee-350x350.jpg 350w, https:\/\/nectari.es\/wp-content\/uploads\/2025\/12\/cuvee-1000x1000.jpg 1000w, https:\/\/nectari.es\/wp-content\/uploads\/2025\/12\/cuvee-800x800.jpg 800w\" sizes=\"auto, (max-width: 300px) 100vw, 300px\" \/><\/div>\n\t\t\t\t\t<div class=\"wc-block-grid__product-title\">Cuv\u00e9e Sp\u00e9ciale Nectari brut\/n Res<\/div>\n\t\t\t\t<\/a>\n\t\t\t\t<div class=\"wc-block-grid__product-price price\"><span class=\"woocommerce-Price-amount amount\">33,95&nbsp;<span class=\"woocommerce-Price-currencySymbol\">&euro;<\/span><\/span><\/div>\n\t\t\t\t\n\t\t\t\t<div class=\"wp-block-button wc-block-grid__product-add-to-cart\"><a href=\"\/fr\/wp-json\/wp\/v2\/pages\/3173?add-to-cart=3448\" aria-label=\"Ajouter au panier\u00a0: &ldquo;Cuv\u00e9e Sp\u00e9ciale Nectari brut\/n Res&rdquo;\" data-quantity=\"1\" data-product_id=\"3448\" data-product_sku=\"\" data-price=\"33.95\" rel=\"nofollow\" class=\"wp-block-button__link  add_to_cart_button ajax_add_to_cart\">Ajouter au panier<\/a><\/div>\n\t\t\t<\/li><\/ul><\/div><\/div>\n<\/div>\n","protected":false},"excerpt":{"rendered":"Vous serez peut-\u00eatre int\u00e9ress\u00e9 par&hellip; Votre panier est actuellement vide\u00a0! Nouveau dans la boutique","protected":false},"author":1,"featured_media":0,"parent":0,"menu_order":0,"comment_status":"closed","ping_status":"closed","template":"","meta":{"_joinchat":[],"footnotes":""},"class_list":["post-3173","page","type-page","status-publish"],"_links":{"self":[{"href":"https:\/\/nectari.es\/fr\/wp-json\/wp\/v2\/pages\/3173","targetHints":{"allow":["GET"]}}],"collection":[{"href":"https:\/\/nectari.es\/fr\/wp-json\/wp\/v2\/pages"}],"about":[{"href":"https:\/\/nectari.es\/fr\/wp-json\/wp\/v2\/types\/page"}],"author":[{"embeddable":true,"href":"https:\/\/nectari.es\/fr\/wp-json\/wp\/v2\/users\/1"}],"replies":[{"embeddable":true,"href":"https:\/\/nectari.es\/fr\/wp-json\/wp\/v2\/comments?post=3173"}],"version-history":[{"count":0,"href":"https:\/\/nectari.es\/fr\/wp-json\/wp\/v2\/pages\/3173\/revisions"}],"wp:attachment":[{"href":"https:\/\/nectari.es\/fr\/wp-json\/wp\/v2\/media?parent=3173"}],"curies":[{"name":"wp","href":"https:\/\/api.w.org\/{rel}","templated":true}]}}