{"id":3944,"date":"2025-12-04T16:00:04","date_gmt":"2025-12-04T15:00:04","guid":{"rendered":"https:\/\/nectari.es\/avis-juridique\/"},"modified":"2026-02-17T11:55:50","modified_gmt":"2026-02-17T10:55:50","slug":"avis-juridique","status":"publish","type":"page","link":"https:\/\/nectari.es\/fr\/avis-juridique\/","title":{"rendered":"Avis juridique"},"content":{"rendered":"\n<h2 class=\"wp-block-heading\">Avis juridique<\/h2>\n\n<p>Conform\u00e9ment \u00e0 l&rsquo;obligation d&rsquo;information pr\u00e9vue par la loi 34\/2002, du 11 juillet, sur les services de la soci\u00e9t\u00e9 de l&rsquo;information et le commerce \u00e9lectronique (LSSI-CE), nous vous informons par la pr\u00e9sente de ce qui suit :<\/p>\n\n<h3 class=\"wp-block-heading\">Propri\u00e9taire du site web<\/h3>\n\n<p>Ce site appartient \u00e0 :<br\/><strong>Jordi Esteve<\/strong><\/p>\n\n<h3 class=\"wp-block-heading\">Objectif du site web<\/h3>\n\n<p>L&rsquo;objectif du site est de fournir des informations sur la proposition gastronomique du restaurant Nectari, ainsi que sur la carri\u00e8re et la philosophie culinaire de son chef Jordi Esteve.<\/p>\n\n<h3 class=\"wp-block-heading\">Conditions d&rsquo;utilisation<\/h3>\n\n<p>L&rsquo;acc\u00e8s \u00e0 ce site web implique l&rsquo;acceptation totale et sans r\u00e9serve des pr\u00e9sentes conditions g\u00e9n\u00e9rales d&rsquo;utilisation. L&rsquo;utilisateur s&rsquo;engage \u00e0 faire un usage appropri\u00e9 du site web, de ses contenus et de ses services, en respectant \u00e0 tout moment la l\u00e9gislation en vigueur. <\/p>\n\n<p><strong>Jordi Esteve<\/strong> se r\u00e9serve le droit de modifier \u00e0 tout moment et sans pr\u00e9avis la pr\u00e9sentation, la configuration et le contenu du site web, ainsi que les pr\u00e9sentes conditions.<\/p>\n\n<h3 class=\"wp-block-heading\">Propri\u00e9t\u00e9 intellectuelle<\/h3>\n\n<p>Tous les contenus de ce site web (textes, images, design, structure, etc.) sont prot\u00e9g\u00e9s par des droits de propri\u00e9t\u00e9 intellectuelle et sont la propri\u00e9t\u00e9 de Jordi Esteve, sauf indication contraire. Il est interdit de les reproduire, de les distribuer ou de les modifier sans autorisation expresse. <\/p>\n\n<h3 class=\"wp-block-heading\">Responsabilit\u00e9<\/h3>\n\n<p><strong>Jordi Esteve<\/strong> d\u00e9cline toute responsabilit\u00e9 quant au mauvais usage qui pourrait \u00eatre fait des contenus du site web, ainsi qu&rsquo;aux dommages qui pourraient d\u00e9couler de l&rsquo;acc\u00e8s ou de l&rsquo;utilisation de l&rsquo;information qu&rsquo;il contient.<\/p>\n\n<p>Elle n&rsquo;est pas non plus responsable du contenu des sites externes li\u00e9s \u00e0 ce site.<\/p>\n\n<h3 class=\"wp-block-heading\">L\u00e9gislation applicable<\/h3>\n\n<p>Les pr\u00e9sentes conditions g\u00e9n\u00e9rales sont r\u00e9gies par la l\u00e9gislation espagnole. Pour tout litige pouvant d\u00e9couler de l&rsquo;acc\u00e8s ou de l&rsquo;utilisation du site web, les parties se soumettent aux cours et tribunaux de la ville de Barcelone, en renon\u00e7ant express\u00e9ment \u00e0 toute autre juridiction. <\/p>\n","protected":false},"excerpt":{"rendered":"<p>Avis juridique Conform\u00e9ment \u00e0 l&rsquo;obligation d&rsquo;information pr\u00e9vue par la loi 34\/2002, du 11 juillet, sur les services de la soci\u00e9t\u00e9 de l&rsquo;information et le commerce \u00e9lectronique (LSSI-CE), nous vous informons&#8230;<\/p>\n","protected":false},"author":1,"featured_media":0,"parent":0,"menu_order":0,"comment_status":"closed","ping_status":"closed","template":"","meta":{"_joinchat":[],"footnotes":""},"class_list":["post-3944","page","type-page","status-publish"],"_links":{"self":[{"href":"https:\/\/nectari.es\/fr\/wp-json\/wp\/v2\/pages\/3944","targetHints":{"allow":["GET"]}}],"collection":[{"href":"https:\/\/nectari.es\/fr\/wp-json\/wp\/v2\/pages"}],"about":[{"href":"https:\/\/nectari.es\/fr\/wp-json\/wp\/v2\/types\/page"}],"author":[{"embeddable":true,"href":"https:\/\/nectari.es\/fr\/wp-json\/wp\/v2\/users\/1"}],"replies":[{"embeddable":true,"href":"https:\/\/nectari.es\/fr\/wp-json\/wp\/v2\/comments?post=3944"}],"version-history":[{"count":1,"href":"https:\/\/nectari.es\/fr\/wp-json\/wp\/v2\/pages\/3944\/revisions"}],"predecessor-version":[{"id":3945,"href":"https:\/\/nectari.es\/fr\/wp-json\/wp\/v2\/pages\/3944\/revisions\/3945"}],"wp:attachment":[{"href":"https:\/\/nectari.es\/fr\/wp-json\/wp\/v2\/media?parent=3944"}],"curies":[{"name":"wp","href":"https:\/\/api.w.org\/{rel}","templated":true}]}}