{"id":3436,"date":"2025-12-01T13:25:08","date_gmt":"2025-12-01T12:25:08","guid":{"rendered":"https:\/\/nectariweb.atomic4dev.net\/producto\/blanco-par-nectari\/"},"modified":"2025-12-01T13:25:08","modified_gmt":"2025-12-01T12:25:08","slug":"blanco-par-nectari","status":"publish","type":"product","link":"https:\/\/nectari.es\/fr\/produit\/blanco-par-nectari\/","title":{"rendered":"Blanco par Nectari"},"content":{"rendered":"","protected":false},"excerpt":{"rendered":"<p>C\u00e9page&nbsp;: Macabeo<\/p>\n<p style=\"font-size: 17px;\"><strong>Blanc<\/strong> issu d\u2019un domaine situ\u00e9 \u00e0 environ 20&nbsp;kilom\u00e8tres de la cave situ\u00e9e \u00e0 Vilaseca (Tarragone) et \u00e9labor\u00e9 gr\u00e2ce \u00e0 un travail tr\u00e8s d\u00e9licat d\u2019<strong>\u00e9levage sur lies pendant 6&nbsp;mois<\/strong>.<\/p>\n<p style=\"font-size: 17px;\">Le raisin <strong>Macabeo<\/strong> avec lequel est \u00e9labor\u00e9 ce blanc sec, qui \u00e9tait auparavant d\u00e9di\u00e9 \u00e0 l\u2019\u00e9laboration de Cava, conf\u00e8re \u00e0 ce vin une <strong>grande intensit\u00e9 florale et de fruits blancs<\/strong>. Onctueux et jeune. Il est id\u00e9al pour explorer <strong>le c\u00f4t\u00e9 le plus min\u00e9ral<\/strong> des blancs de Tarragone et se caract\u00e9rise par une tr\u00e8s bonne \u00e9volution en bouteille.  <\/p>\n","protected":false},"featured_media":3222,"comment_status":"open","ping_status":"closed","template":"","meta":{"_joinchat":[]},"product_brand":[],"product_cat":[73],"product_tag":[],"class_list":{"0":"post-3436","1":"product","2":"type-product","3":"status-publish","4":"has-post-thumbnail","6":"product_cat-vins","8":"first","9":"instock","10":"shipping-taxable","11":"purchasable","12":"product-type-simple"},"_links":{"self":[{"href":"https:\/\/nectari.es\/fr\/wp-json\/wp\/v2\/product\/3436","targetHints":{"allow":["GET"]}}],"collection":[{"href":"https:\/\/nectari.es\/fr\/wp-json\/wp\/v2\/product"}],"about":[{"href":"https:\/\/nectari.es\/fr\/wp-json\/wp\/v2\/types\/product"}],"replies":[{"embeddable":true,"href":"https:\/\/nectari.es\/fr\/wp-json\/wp\/v2\/comments?post=3436"}],"wp:featuredmedia":[{"embeddable":true,"href":"https:\/\/nectari.es\/fr\/wp-json\/wp\/v2\/media\/3222"}],"wp:attachment":[{"href":"https:\/\/nectari.es\/fr\/wp-json\/wp\/v2\/media?parent=3436"}],"wp:term":[{"taxonomy":"product_brand","embeddable":true,"href":"https:\/\/nectari.es\/fr\/wp-json\/wp\/v2\/product_brand?post=3436"},{"taxonomy":"product_cat","embeddable":true,"href":"https:\/\/nectari.es\/fr\/wp-json\/wp\/v2\/product_cat?post=3436"},{"taxonomy":"product_tag","embeddable":true,"href":"https:\/\/nectari.es\/fr\/wp-json\/wp\/v2\/product_tag?post=3436"}],"curies":[{"name":"wp","href":"https:\/\/api.w.org\/{rel}","templated":true}]}}