{"id":3442,"date":"2025-12-01T13:23:35","date_gmt":"2025-12-01T12:23:35","guid":{"rendered":"https:\/\/nectariweb.atomic4dev.net\/producto\/negro-by-nectari\/"},"modified":"2025-12-01T13:23:35","modified_gmt":"2025-12-01T12:23:35","slug":"negro-by-nectari","status":"publish","type":"product","link":"https:\/\/nectari.es\/fr\/produit\/negro-by-nectari\/","title":{"rendered":"Negro by Nectari"},"content":{"rendered":"","protected":false},"excerpt":{"rendered":"<p>C\u00e9page : Cabernet Sauvignon<\/p>\n<p style=\"font-size: 17px;\">Ce vin est une d\u00e9couverte provenant de Vila-seca (Tarragone), \u00e0 quelques kilom\u00e8tres de la mer <strong>M\u00e9diterran\u00e9e<\/strong>. C&rsquo;est un vin rouge qui combine <g id=\"gid_1\">maturit\u00e9, fra\u00eecheur et salinit\u00e9<\/g>. Une union parfaite de l&rsquo;\u00e9l\u00e9gance du <strong>Cabernet<\/strong> Sauvignon avec la fra\u00eecheur du Grenache.  <\/p>\n<p style=\"font-size: 17px;\">Un vin purement m\u00e9diterran\u00e9en, avec un reflet min\u00e9ral clair du sol de <strong>lumaquela<\/strong>. \u00c9levage d&rsquo;environ 15 mois en barriques de ch\u00eane fran\u00e7ais de 225 litres \u00e0 grain fin. La mise en bouteille se fait en fonction du cycle lunaire et nous la r\u00e9alisons par d\u00e9cantation.  <\/p>\n","protected":false},"featured_media":3219,"comment_status":"open","ping_status":"closed","template":"","meta":{"_joinchat":[]},"product_brand":[],"product_cat":[73],"product_tag":[],"class_list":{"0":"post-3442","1":"product","2":"type-product","3":"status-publish","4":"has-post-thumbnail","6":"product_cat-vins","8":"first","9":"instock","10":"shipping-taxable","11":"purchasable","12":"product-type-simple"},"_links":{"self":[{"href":"https:\/\/nectari.es\/fr\/wp-json\/wp\/v2\/product\/3442","targetHints":{"allow":["GET"]}}],"collection":[{"href":"https:\/\/nectari.es\/fr\/wp-json\/wp\/v2\/product"}],"about":[{"href":"https:\/\/nectari.es\/fr\/wp-json\/wp\/v2\/types\/product"}],"replies":[{"embeddable":true,"href":"https:\/\/nectari.es\/fr\/wp-json\/wp\/v2\/comments?post=3442"}],"wp:featuredmedia":[{"embeddable":true,"href":"https:\/\/nectari.es\/fr\/wp-json\/wp\/v2\/media\/3219"}],"wp:attachment":[{"href":"https:\/\/nectari.es\/fr\/wp-json\/wp\/v2\/media?parent=3442"}],"wp:term":[{"taxonomy":"product_brand","embeddable":true,"href":"https:\/\/nectari.es\/fr\/wp-json\/wp\/v2\/product_brand?post=3442"},{"taxonomy":"product_cat","embeddable":true,"href":"https:\/\/nectari.es\/fr\/wp-json\/wp\/v2\/product_cat?post=3442"},{"taxonomy":"product_tag","embeddable":true,"href":"https:\/\/nectari.es\/fr\/wp-json\/wp\/v2\/product_tag?post=3442"}],"curies":[{"name":"wp","href":"https:\/\/api.w.org\/{rel}","templated":true}]}}