{"id":3448,"date":"2025-12-01T13:21:53","date_gmt":"2025-12-01T12:21:53","guid":{"rendered":"https:\/\/nectariweb.atomic4dev.net\/producto\/cuvee-speciale-nectari-brut-n-res\/"},"modified":"2025-12-01T13:21:53","modified_gmt":"2025-12-01T12:21:53","slug":"cuvee-speciale-nectari-brut-n-res","status":"publish","type":"product","link":"https:\/\/nectari.es\/fr\/produit\/cuvee-speciale-nectari-brut-n-res\/","title":{"rendered":"Cuv\u00e9e Sp\u00e9ciale Nectari brut\/n Res"},"content":{"rendered":"","protected":false},"excerpt":{"rendered":"<p>C\u00e9pages : Macabeo, Xarel.lo et Chardonnay<\/p>\n<p style=\"font-size: 17px;\">Notre Cava Brut Nature est \u00e9labor\u00e9 \u00e0 partir de raisins Macabeo (25 %), Xarel\u00b7lo (50 %) et Parellada (25 %). Nous n&rsquo;ajoutons pas de liqueur d&rsquo;exp\u00e9dition. <\/p>\n<p style=\"font-size: 17px;\">C&rsquo;est un cava reserva vieilli en bouteille pendant une p\u00e9riode de 21 \u00e0 26 mois. Il pr\u00e9sente une couleur jaune p\u00e2le brillante et une bulle fine et tr\u00e8s expressive en bouche. Au nez, des notes de fruits et de fleurs blanches.  <\/p>\n","protected":false},"featured_media":3216,"comment_status":"open","ping_status":"closed","template":"","meta":{"_joinchat":[]},"product_brand":[],"product_cat":[73],"product_tag":[],"class_list":{"0":"post-3448","1":"product","2":"type-product","3":"status-publish","4":"has-post-thumbnail","6":"product_cat-vins","8":"first","9":"instock","10":"shipping-taxable","11":"purchasable","12":"product-type-simple"},"_links":{"self":[{"href":"https:\/\/nectari.es\/fr\/wp-json\/wp\/v2\/product\/3448","targetHints":{"allow":["GET"]}}],"collection":[{"href":"https:\/\/nectari.es\/fr\/wp-json\/wp\/v2\/product"}],"about":[{"href":"https:\/\/nectari.es\/fr\/wp-json\/wp\/v2\/types\/product"}],"replies":[{"embeddable":true,"href":"https:\/\/nectari.es\/fr\/wp-json\/wp\/v2\/comments?post=3448"}],"wp:featuredmedia":[{"embeddable":true,"href":"https:\/\/nectari.es\/fr\/wp-json\/wp\/v2\/media\/3216"}],"wp:attachment":[{"href":"https:\/\/nectari.es\/fr\/wp-json\/wp\/v2\/media?parent=3448"}],"wp:term":[{"taxonomy":"product_brand","embeddable":true,"href":"https:\/\/nectari.es\/fr\/wp-json\/wp\/v2\/product_brand?post=3448"},{"taxonomy":"product_cat","embeddable":true,"href":"https:\/\/nectari.es\/fr\/wp-json\/wp\/v2\/product_cat?post=3448"},{"taxonomy":"product_tag","embeddable":true,"href":"https:\/\/nectari.es\/fr\/wp-json\/wp\/v2\/product_tag?post=3448"}],"curies":[{"name":"wp","href":"https:\/\/api.w.org\/{rel}","templated":true}]}}