{"id":3468,"date":"2025-12-01T13:14:26","date_gmt":"2025-12-01T12:14:26","guid":{"rendered":"https:\/\/nectariweb.atomic4dev.net\/producto\/menu-degustation-avec-accord-mets-et-vins\/"},"modified":"2026-03-05T09:55:21","modified_gmt":"2026-03-05T08:55:21","slug":"menu-degustation-avec-accord-mets-et-vins","status":"publish","type":"product","link":"https:\/\/nectari.es\/fr\/produit\/menu-degustation-avec-accord-mets-et-vins\/","title":{"rendered":"Menu d\u00e9gustation avec accord mets et vins"},"content":{"rendered":"","protected":false},"excerpt":{"rendered":"<p style=\"font-weight: 400;\">Que comprend le menu d\u00e9gustation avec accord mets et vins&nbsp;?<\/p>\n<p style=\"font-weight: 400;\"><a style=\"color #000; text-decoration: underline;\" href=\"\/wp-content\/uploads\/2026\/01\/Menu-degus-2026.png\" target=\"_blank\" rel=\"noopener\">Voir la carte<\/a><\/p>\n<p style=\"font-weight: 400;\"><strong>Il comprend \u00e9galement la cave de la maison (7&nbsp;vari\u00e9t\u00e9s de vin)<\/strong><\/p>\n<p style=\"font-weight: 400;\">Composez votre menu sur mesure.<\/p>\n<p style=\"font-weight: 400;\"><strong>S\u00e9lectionnez parmi les options disponibles ci-dessous<\/strong><\/p>\n","protected":false},"featured_media":3348,"comment_status":"open","ping_status":"closed","template":"","meta":{"_joinchat":[]},"product_brand":[],"product_cat":[70],"product_tag":[],"class_list":{"0":"post-3468","1":"product","2":"type-product","3":"status-publish","4":"has-post-thumbnail","6":"product_cat-experiences","8":"first","9":"instock","10":"shipping-taxable","11":"purchasable","12":"product-type-variable"},"_links":{"self":[{"href":"https:\/\/nectari.es\/fr\/wp-json\/wp\/v2\/product\/3468","targetHints":{"allow":["GET"]}}],"collection":[{"href":"https:\/\/nectari.es\/fr\/wp-json\/wp\/v2\/product"}],"about":[{"href":"https:\/\/nectari.es\/fr\/wp-json\/wp\/v2\/types\/product"}],"replies":[{"embeddable":true,"href":"https:\/\/nectari.es\/fr\/wp-json\/wp\/v2\/comments?post=3468"}],"wp:featuredmedia":[{"embeddable":true,"href":"https:\/\/nectari.es\/fr\/wp-json\/wp\/v2\/media\/3348"}],"wp:attachment":[{"href":"https:\/\/nectari.es\/fr\/wp-json\/wp\/v2\/media?parent=3468"}],"wp:term":[{"taxonomy":"product_brand","embeddable":true,"href":"https:\/\/nectari.es\/fr\/wp-json\/wp\/v2\/product_brand?post=3468"},{"taxonomy":"product_cat","embeddable":true,"href":"https:\/\/nectari.es\/fr\/wp-json\/wp\/v2\/product_cat?post=3468"},{"taxonomy":"product_tag","embeddable":true,"href":"https:\/\/nectari.es\/fr\/wp-json\/wp\/v2\/product_tag?post=3468"}],"curies":[{"name":"wp","href":"https:\/\/api.w.org\/{rel}","templated":true}]}}